{"id":324,"date":"2021-12-14T16:20:39","date_gmt":"2021-12-14T15:20:39","guid":{"rendered":"https:\/\/yepnotes.kangama.com\/?page_id=324"},"modified":"2021-12-27T16:44:46","modified_gmt":"2021-12-27T15:44:46","slug":"mentions-legales","status":"publish","type":"page","link":"https:\/\/yepnotes.kangama.com\/en\/mentions-legales\/","title":{"rendered":"Legal Notice"},"content":{"rendered":"<style>#kt-layout-id_547370-12 > .kt-row-column-wrap{z-index:10;position:relative;align-content:center;}:where(#kt-layout-id_547370-12 > .kt-row-column-wrap) > .wp-block-kadence-column{justify-content:center;}#kt-layout-id_547370-12 > .kt-row-column-wrap{column-gap:var(--global-kb-gap-md, 2rem);row-gap:var(--global-kb-gap-md, 2rem);max-width:var( --global-content-width, 1290px );padding-left:var(--global-content-edge-padding);padding-right:var(--global-content-edge-padding);padding-top:var( --global-kb-row-default-top, 25px );padding-bottom:var( --global-kb-row-default-bottom, 25px );padding-top:var(--global-kb-spacing-sm, 1.5rem);padding-bottom:var(--global-kb-spacing-sm, 1.5rem);min-height:290px;grid-template-columns:minmax(0, 1fr);}#kt-layout-id_547370-12{background-color:#000000;}#kt-layout-id_547370-12 > .kt-row-layout-overlay{opacity:0.80;}#kt-layout-id_547370-12 .kt-row-layout-bottom-sep{height:100px;}#kt-layout-id_547370-12 .kt-row-layout-bottom-sep svg{width:100%;}#kt-layout-id_547370-12 .kt-row-layout-bottom-sep svg{fill:#ffffff!important;}@media all and (max-width: 1024px){#kt-layout-id_547370-12 > .kt-row-column-wrap{grid-template-columns:minmax(0, 1fr);}}@media all and (max-width: 1024px){#kt-layout-id_547370-12 .kt-row-layout-bottom-sep{height:px;}}@media all and (max-width: 1024px){#kt-layout-id_547370-12 .kt-row-layout-bottom-sep svg{width:%;}}@media all and (max-width: 767px){#kt-layout-id_547370-12 > .kt-row-column-wrap{grid-template-columns:minmax(0, 1fr);}#kt-layout-id_547370-12 .kt-row-layout-bottom-sep{height:px;}#kt-layout-id_547370-12 .kt-row-layout-bottom-sep svg{width:%;}}<\/style>\n<div class=\"wp-block-kadence-rowlayout alignnone\"><div id=\"kt-layout-id_547370-12\" class=\"kt-row-layout-inner kt-row-has-bg kt-layout-id_547370-12\"><div class=\"kt-row-column-wrap kt-has-1-columns kt-gutter-default kt-v-gutter-default kt-row-valign-middle kt-row-layout-equal kt-tab-layout-inherit kt-m-colapse-left-to-right kt-mobile-layout-row kb-theme-content-width\"><style>.kadence-column_fd19ea-5b > .kt-inside-inner-col{border-top-width:0px;border-right-width:0px;border-bottom-width:0px;border-left-width:0px;}.kadence-column_fd19ea-5b > .kt-inside-inner-col,.kadence-column_fd19ea-5b > .kt-inside-inner-col:before{border-top-left-radius:0px;border-top-right-radius:0px;border-bottom-right-radius:0px;border-bottom-left-radius:0px;}.kadence-column_fd19ea-5b > .kt-inside-inner-col{column-gap:var(--global-kb-gap-sm, 1rem);}.kadence-column_fd19ea-5b > .kt-inside-inner-col{flex-direction:column;}.kadence-column_fd19ea-5b > .kt-inside-inner-col > .aligncenter{width:100%;}.kadence-column_fd19ea-5b > .kt-inside-inner-col:before{opacity:0.3;}.kadence-column_fd19ea-5b{position:relative;}@media all and (max-width: 1024px){.kadence-column_fd19ea-5b > .kt-inside-inner-col{flex-direction:column;justify-content:center;}}@media all and (max-width: 767px){.kadence-column_fd19ea-5b > .kt-inside-inner-col{flex-direction:column;justify-content:center;}}<\/style>\n<div class=\"wp-block-kadence-column inner-column-1 kadence-column_fd19ea-5b\"><div class=\"kt-inside-inner-col\"><style>.wp-block-kadence-advancedheading.kt-adv-heading_6e1d6d-c8, .wp-block-kadence-advancedheading.kt-adv-heading_6e1d6d-c8[data-kb-block=\"kb-adv-heading_6e1d6d-c8\"]{text-align:center;font-size:44px;font-style:normal;}.wp-block-kadence-advancedheading.kt-adv-heading_6e1d6d-c8 mark.kt-highlight, .wp-block-kadence-advancedheading.kt-adv-heading_6e1d6d-c8[data-kb-block=\"kb-adv-heading_6e1d6d-c8\"] mark.kt-highlight{font-style:normal;color:#f76a0c;-webkit-box-decoration-break:clone;box-decoration-break:clone;padding-top:0px;padding-right:0px;padding-bottom:0px;padding-left:0px;}.wp-block-kadence-advancedheading.kt-adv-heading_6e1d6d-c8 img.kb-inline-image, .wp-block-kadence-advancedheading.kt-adv-heading_6e1d6d-c8[data-kb-block=\"kb-adv-heading_6e1d6d-c8\"] img.kb-inline-image{width:150px;vertical-align:baseline;}<\/style>\n<h1 class=\"kt-adv-heading_6e1d6d-c8 wp-block-kadence-advancedheading has-theme-palette-9-color has-text-color\" data-kb-block=\"kb-adv-heading_6e1d6d-c8\">Mentions l\u00e9gales<\/h1>\n\n\n\n<p><\/p>\n<\/div><\/div>\n<\/div><div class=\"kt-row-layout-bottom-sep kt-row-sep-type-crvli\"><svg style=\"fill:#ffffff\" viewbox=\"0 0 1000 100\" preserveaspectratio=\"none\"><path d=\"M1000,0c0,0 -420.987,98 -650,98c-229.013,0 -350,-98 -350,-98l0,100l1000,0l0,-100Z\"><\/path><\/svg><\/div><\/div><\/div>\n\n\n<style>#kt-layout-id_fd938c-63 > .kt-row-column-wrap{align-content:start;}:where(#kt-layout-id_fd938c-63 > .kt-row-column-wrap) > .wp-block-kadence-column{justify-content:start;}#kt-layout-id_fd938c-63 > .kt-row-column-wrap{column-gap:var(--global-kb-gap-md, 2rem);row-gap:var(--global-kb-gap-md, 2rem);max-width:var( --global-content-width, 1290px );padding-left:var(--global-content-edge-padding);padding-right:var(--global-content-edge-padding);padding-top:var( --global-kb-row-default-top, 25px );padding-bottom:var( --global-kb-row-default-bottom, 25px );padding-top:75px;padding-bottom:75px;grid-template-columns:minmax(0, 1fr);}#kt-layout-id_fd938c-63 > .kt-row-layout-overlay{opacity:0.30;}@media all and (max-width: 1024px){#kt-layout-id_fd938c-63 > .kt-row-column-wrap{padding-top:35px;padding-bottom:35px;grid-template-columns:minmax(0, 1fr);}}@media all and (max-width: 767px){#kt-layout-id_fd938c-63 > .kt-row-column-wrap{grid-template-columns:minmax(0, 1fr);}}<\/style>\n<div class=\"wp-block-kadence-rowlayout alignnone\"><div id=\"kt-layout-id_fd938c-63\" class=\"kt-row-layout-inner kt-layout-id_fd938c-63\"><div class=\"kt-row-column-wrap kt-has-2-columns kt-gutter-default kt-v-gutter-default kt-row-valign-top kt-row-layout-row kt-tab-layout-inherit kt-m-colapse-left-to-right kt-mobile-layout-row kb-theme-content-width\"><style>.kadence-column_ae2f5d-e6 > .kt-inside-inner-col{border-top-width:0px;border-right-width:0px;border-bottom-width:0px;border-left-width:0px;}.kadence-column_ae2f5d-e6 > .kt-inside-inner-col,.kadence-column_ae2f5d-e6 > .kt-inside-inner-col:before{border-top-left-radius:0px;border-top-right-radius:0px;border-bottom-right-radius:0px;border-bottom-left-radius:0px;}.kadence-column_ae2f5d-e6 > .kt-inside-inner-col{column-gap:var(--global-kb-gap-sm, 1rem);}.kadence-column_ae2f5d-e6 > .kt-inside-inner-col{flex-direction:column;}.kadence-column_ae2f5d-e6 > .kt-inside-inner-col > .aligncenter{width:100%;}.kadence-column_ae2f5d-e6 > .kt-inside-inner-col:before{opacity:0.3;}.kadence-column_ae2f5d-e6{position:relative;}@media all and (max-width: 1024px){.kadence-column_ae2f5d-e6 > .kt-inside-inner-col{flex-direction:column;justify-content:center;}}@media all and (max-width: 767px){.kadence-column_ae2f5d-e6 > .kt-inside-inner-col{flex-direction:column;justify-content:center;}}<\/style>\n<div class=\"wp-block-kadence-column inner-column-1 kadence-column_ae2f5d-e6\"><div class=\"kt-inside-inner-col\"><style>.wp-block-kadence-advancedheading.kt-adv-heading_cf8257-97, .wp-block-kadence-advancedheading.kt-adv-heading_cf8257-97[data-kb-block=\"kb-adv-heading_cf8257-97\"]{font-style:normal;}.wp-block-kadence-advancedheading.kt-adv-heading_cf8257-97 mark.kt-highlight, .wp-block-kadence-advancedheading.kt-adv-heading_cf8257-97[data-kb-block=\"kb-adv-heading_cf8257-97\"] mark.kt-highlight{font-style:normal;color:#f76a0c;-webkit-box-decoration-break:clone;box-decoration-break:clone;padding-top:0px;padding-right:0px;padding-bottom:0px;padding-left:0px;}.wp-block-kadence-advancedheading.kt-adv-heading_cf8257-97 img.kb-inline-image, .wp-block-kadence-advancedheading.kt-adv-heading_cf8257-97[data-kb-block=\"kb-adv-heading_cf8257-97\"] img.kb-inline-image{width:150px;vertical-align:baseline;}<\/style>\n<h2 class=\"kt-adv-heading_cf8257-97 wp-block-kadence-advancedheading\" data-kb-block=\"kb-adv-heading_cf8257-97\"><strong>Pr\u00e9sentation du site<\/strong><\/h2>\n\n\n\n<p>En vertu de l\u2019article 6 de la loi n\u00b0 2004-575 du 21 juin 2004 pour la confiance dans l\u2019\u00e9conomie num\u00e9rique, il est pr\u00e9cis\u00e9 aux utilisateurs du site yepnotes.kangama.com l\u2019identit\u00e9 des diff\u00e9rents intervenants dans le cadre de sa r\u00e9alisation et de son suivi :<\/p>\n\n\n<style>.wp-block-kadence-advancedheading.kt-adv-heading_3d22fd-dc, .wp-block-kadence-advancedheading.kt-adv-heading_3d22fd-dc[data-kb-block=\"kb-adv-heading_3d22fd-dc\"]{font-style:normal;}.wp-block-kadence-advancedheading.kt-adv-heading_3d22fd-dc mark.kt-highlight, .wp-block-kadence-advancedheading.kt-adv-heading_3d22fd-dc[data-kb-block=\"kb-adv-heading_3d22fd-dc\"] mark.kt-highlight{font-style:normal;color:#f76a0c;-webkit-box-decoration-break:clone;box-decoration-break:clone;padding-top:0px;padding-right:0px;padding-bottom:0px;padding-left:0px;}.wp-block-kadence-advancedheading.kt-adv-heading_3d22fd-dc img.kb-inline-image, .wp-block-kadence-advancedheading.kt-adv-heading_3d22fd-dc[data-kb-block=\"kb-adv-heading_3d22fd-dc\"] img.kb-inline-image{width:150px;vertical-align:baseline;}<\/style>\n<h4 class=\"kt-adv-heading_3d22fd-dc wp-block-kadence-advancedheading\" data-kb-block=\"kb-adv-heading_3d22fd-dc\"><strong>Editeur<\/strong><\/h4>\n\n\n\n<p>Karim Angama &#8211; Auto-entrepreneur<br>Avenue du Grand-Vallat<br>13100 Aix-En-Pr\u00e9sence<\/p>\n\n\n\n<p>SIRET : 50936516900028<br>Contact : contact@kangama.com<br>T\u00e9l : +33 678 209 441<\/p>\n\n\n<style>.wp-block-kadence-advancedheading.kt-adv-heading_313cd4-fc, .wp-block-kadence-advancedheading.kt-adv-heading_313cd4-fc[data-kb-block=\"kb-adv-heading_313cd4-fc\"]{font-style:normal;}.wp-block-kadence-advancedheading.kt-adv-heading_313cd4-fc mark.kt-highlight, .wp-block-kadence-advancedheading.kt-adv-heading_313cd4-fc[data-kb-block=\"kb-adv-heading_313cd4-fc\"] mark.kt-highlight{font-style:normal;color:#f76a0c;-webkit-box-decoration-break:clone;box-decoration-break:clone;padding-top:0px;padding-right:0px;padding-bottom:0px;padding-left:0px;}.wp-block-kadence-advancedheading.kt-adv-heading_313cd4-fc img.kb-inline-image, .wp-block-kadence-advancedheading.kt-adv-heading_313cd4-fc[data-kb-block=\"kb-adv-heading_313cd4-fc\"] img.kb-inline-image{width:150px;vertical-align:baseline;}<\/style>\n<h4 class=\"kt-adv-heading_313cd4-fc wp-block-kadence-advancedheading\" data-kb-block=\"kb-adv-heading_313cd4-fc\"><strong>Responsable de la publication et d\u00e9veloppeur du site<\/strong><\/h4>\n\n\n\n<p>Karim Angama<br>Contact : contact@kangama.com<br>T\u00e9l : +33 678 209 441<\/p>\n\n\n<style>.wp-block-kadence-advancedheading.kt-adv-heading_87406c-92, .wp-block-kadence-advancedheading.kt-adv-heading_87406c-92[data-kb-block=\"kb-adv-heading_87406c-92\"]{font-style:normal;}.wp-block-kadence-advancedheading.kt-adv-heading_87406c-92 mark.kt-highlight, .wp-block-kadence-advancedheading.kt-adv-heading_87406c-92[data-kb-block=\"kb-adv-heading_87406c-92\"] mark.kt-highlight{font-style:normal;color:#f76a0c;-webkit-box-decoration-break:clone;box-decoration-break:clone;padding-top:0px;padding-right:0px;padding-bottom:0px;padding-left:0px;}.wp-block-kadence-advancedheading.kt-adv-heading_87406c-92 img.kb-inline-image, .wp-block-kadence-advancedheading.kt-adv-heading_87406c-92[data-kb-block=\"kb-adv-heading_87406c-92\"] img.kb-inline-image{width:150px;vertical-align:baseline;}<\/style>\n<h4 class=\"kt-adv-heading_87406c-92 wp-block-kadence-advancedheading\" data-kb-block=\"kb-adv-heading_87406c-92\"><strong>H\u00e9bergeur<\/strong><\/h4>\n\n\n\n<p>OVH<br>2 rue Kellermann<br>59100 Roubaix<br>T\u00e9l : +33 (0)8 203 203 63<\/p>\n<\/div><\/div>\n\n\n<style>.kadence-column_8465d7-b7 > .kt-inside-inner-col{border-top-width:0px;border-right-width:0px;border-bottom-width:0px;border-left-width:0px;}.kadence-column_8465d7-b7 > .kt-inside-inner-col,.kadence-column_8465d7-b7 > .kt-inside-inner-col:before{border-top-left-radius:0px;border-top-right-radius:0px;border-bottom-right-radius:0px;border-bottom-left-radius:0px;}.kadence-column_8465d7-b7 > .kt-inside-inner-col{column-gap:var(--global-kb-gap-sm, 1rem);}.kadence-column_8465d7-b7 > .kt-inside-inner-col{flex-direction:column;}.kadence-column_8465d7-b7 > .kt-inside-inner-col > .aligncenter{width:100%;}.kadence-column_8465d7-b7 > .kt-inside-inner-col:before{opacity:0.3;}.kadence-column_8465d7-b7{position:relative;}@media all and (max-width: 1024px){.kadence-column_8465d7-b7 > .kt-inside-inner-col{flex-direction:column;justify-content:center;}}@media all and (max-width: 767px){.kadence-column_8465d7-b7 > .kt-inside-inner-col{flex-direction:column;justify-content:center;}}<\/style>\n<div class=\"wp-block-kadence-column inner-column-2 kadence-column_8465d7-b7\"><div class=\"kt-inside-inner-col\"><style>.wp-block-kadence-advancedheading.kt-adv-heading_e1b26e-36, .wp-block-kadence-advancedheading.kt-adv-heading_e1b26e-36[data-kb-block=\"kb-adv-heading_e1b26e-36\"]{font-style:normal;}.wp-block-kadence-advancedheading.kt-adv-heading_e1b26e-36 mark.kt-highlight, .wp-block-kadence-advancedheading.kt-adv-heading_e1b26e-36[data-kb-block=\"kb-adv-heading_e1b26e-36\"] mark.kt-highlight{font-style:normal;color:#f76a0c;-webkit-box-decoration-break:clone;box-decoration-break:clone;padding-top:0px;padding-right:0px;padding-bottom:0px;padding-left:0px;}.wp-block-kadence-advancedheading.kt-adv-heading_e1b26e-36 img.kb-inline-image, .wp-block-kadence-advancedheading.kt-adv-heading_e1b26e-36[data-kb-block=\"kb-adv-heading_e1b26e-36\"] img.kb-inline-image{width:150px;vertical-align:baseline;}<\/style>\n<h2 class=\"kt-adv-heading_e1b26e-36 wp-block-kadence-advancedheading\" data-kb-block=\"kb-adv-heading_e1b26e-36\"><strong>Propri\u00e9t\u00e9 intellectuelle et contrefa\u00e7on<\/strong><\/h2>\n\n\n\n<p>L\u2019entreprise yepnotes.kangama.com est propri\u00e9taire des droits de propri\u00e9t\u00e9 intellectuelle ou d\u00e9tient les droits d\u2019usage sur tous les \u00e9l\u00e9ments accessibles sur le site, notamment : les textes, les images, les graphismes, le logo, les ic\u00f4nes,\u2026<\/p>\n\n\n\n<p>Toute reproduction, repr\u00e9sentation, modification, publication, adaptation de tout ou partie des \u00e9l\u00e9ments du site, quel que soit le moyen ou le proc\u00e9d\u00e9 utilis\u00e9, est interdite, sauf autorisation \u00e9crite pr\u00e9alable de l\u2019entreprise kangama.com.<\/p>\n\n\n\n<p>Toute exploitation non autoris\u00e9e du site ou d\u2019un quelconque \u00e9l\u00e9ment qu\u2019il contient sera consid\u00e9r\u00e9e comme constitutive d\u2019une contrefa\u00e7on et poursuivie conform\u00e9ment aux dispositions des articles L.335-2 et suivants du Code de Propri\u00e9t\u00e9 Intellectuelle.<\/p>\n<\/div><\/div>\n<\/div><\/div><\/div>\n","protected":false},"excerpt":{"rendered":"<p>Mentions l\u00e9gales Pr\u00e9sentation du site En vertu de l\u2019article 6 de la loi n\u00b0 2004-575 du 21 juin 2004 pour la confiance dans l\u2019\u00e9conomie num\u00e9rique, il est pr\u00e9cis\u00e9 aux utilisateurs du site yepnotes.kangama.com l\u2019identit\u00e9 des diff\u00e9rents intervenants dans le cadre de sa r\u00e9alisation et de son suivi : Editeur Karim Angama &#8211; Auto-entrepreneurAvenue du Grand-Vallat13100&#8230;<\/p>","protected":false},"author":1,"featured_media":0,"parent":0,"menu_order":0,"comment_status":"closed","ping_status":"closed","template":"","meta":{"_kad_post_transparent":"","_kad_post_title":"","_kad_post_layout":"","_kad_post_sidebar_id":"","_kad_post_content_style":"","_kad_post_vertical_padding":"","_kad_post_feature":"","_kad_post_feature_position":"","_kad_post_header":false,"_kad_post_footer":false,"_kad_post_classname":"","footnotes":""},"class_list":["post-324","page","type-page","status-publish","hentry"],"_links":{"self":[{"href":"https:\/\/yepnotes.kangama.com\/en\/wp-json\/wp\/v2\/pages\/324","targetHints":{"allow":["GET"]}}],"collection":[{"href":"https:\/\/yepnotes.kangama.com\/en\/wp-json\/wp\/v2\/pages"}],"about":[{"href":"https:\/\/yepnotes.kangama.com\/en\/wp-json\/wp\/v2\/types\/page"}],"author":[{"embeddable":true,"href":"https:\/\/yepnotes.kangama.com\/en\/wp-json\/wp\/v2\/users\/1"}],"replies":[{"embeddable":true,"href":"https:\/\/yepnotes.kangama.com\/en\/wp-json\/wp\/v2\/comments?post=324"}],"version-history":[{"count":5,"href":"https:\/\/yepnotes.kangama.com\/en\/wp-json\/wp\/v2\/pages\/324\/revisions"}],"predecessor-version":[{"id":420,"href":"https:\/\/yepnotes.kangama.com\/en\/wp-json\/wp\/v2\/pages\/324\/revisions\/420"}],"wp:attachment":[{"href":"https:\/\/yepnotes.kangama.com\/en\/wp-json\/wp\/v2\/media?parent=324"}],"curies":[{"name":"wp","href":"https:\/\/api.w.org\/{rel}","templated":true}]}}