{"id":326,"date":"2021-12-14T16:21:01","date_gmt":"2021-12-14T15:21:01","guid":{"rendered":"https:\/\/yepnotes.kangama.com\/?page_id=326"},"modified":"2021-12-27T16:45:15","modified_gmt":"2021-12-27T15:45:15","slug":"politique-de-confidentialite","status":"publish","type":"page","link":"https:\/\/yepnotes.kangama.com\/en\/politique-de-confidentialite\/","title":{"rendered":"Privacy Policy"},"content":{"rendered":"<style>#kt-layout-id_487643-b2 > .kt-row-column-wrap{z-index:10;position:relative;align-content:center;}:where(#kt-layout-id_487643-b2 > .kt-row-column-wrap) > .wp-block-kadence-column{justify-content:center;}#kt-layout-id_487643-b2 > .kt-row-column-wrap{column-gap:var(--global-kb-gap-md, 2rem);row-gap:var(--global-kb-gap-md, 2rem);max-width:var( --global-content-width, 1290px );padding-left:var(--global-content-edge-padding);padding-right:var(--global-content-edge-padding);padding-top:var( --global-kb-row-default-top, 25px );padding-bottom:var( --global-kb-row-default-bottom, 25px );padding-top:var(--global-kb-spacing-sm, 1.5rem);padding-bottom:var(--global-kb-spacing-sm, 1.5rem);min-height:290px;grid-template-columns:minmax(0, 1fr);}#kt-layout-id_487643-b2{background-color:#000000;}#kt-layout-id_487643-b2 > .kt-row-layout-overlay{opacity:0.80;}#kt-layout-id_487643-b2 .kt-row-layout-bottom-sep{height:100px;}#kt-layout-id_487643-b2 .kt-row-layout-bottom-sep svg{width:100%;}#kt-layout-id_487643-b2 .kt-row-layout-bottom-sep svg{fill:#ffffff!important;}@media all and (max-width: 1024px){#kt-layout-id_487643-b2 > .kt-row-column-wrap{grid-template-columns:minmax(0, 1fr);}}@media all and (max-width: 1024px){#kt-layout-id_487643-b2 .kt-row-layout-bottom-sep{height:px;}}@media all and (max-width: 1024px){#kt-layout-id_487643-b2 .kt-row-layout-bottom-sep svg{width:%;}}@media all and (max-width: 767px){#kt-layout-id_487643-b2 > .kt-row-column-wrap{grid-template-columns:minmax(0, 1fr);}#kt-layout-id_487643-b2 .kt-row-layout-bottom-sep{height:px;}#kt-layout-id_487643-b2 .kt-row-layout-bottom-sep svg{width:%;}}<\/style>\n<div class=\"wp-block-kadence-rowlayout alignnone\"><div id=\"kt-layout-id_487643-b2\" class=\"kt-row-layout-inner kt-row-has-bg kt-layout-id_487643-b2\"><div class=\"kt-row-column-wrap kt-has-1-columns kt-gutter-default kt-v-gutter-default kt-row-valign-middle kt-row-layout-equal kt-tab-layout-inherit kt-m-colapse-left-to-right kt-mobile-layout-row kb-theme-content-width\"><style>.kadence-column_971a9c-9e > .kt-inside-inner-col{border-top-width:0px;border-right-width:0px;border-bottom-width:0px;border-left-width:0px;}.kadence-column_971a9c-9e > .kt-inside-inner-col,.kadence-column_971a9c-9e > .kt-inside-inner-col:before{border-top-left-radius:0px;border-top-right-radius:0px;border-bottom-right-radius:0px;border-bottom-left-radius:0px;}.kadence-column_971a9c-9e > .kt-inside-inner-col{column-gap:var(--global-kb-gap-sm, 1rem);}.kadence-column_971a9c-9e > .kt-inside-inner-col{flex-direction:column;}.kadence-column_971a9c-9e > .kt-inside-inner-col > .aligncenter{width:100%;}.kadence-column_971a9c-9e > .kt-inside-inner-col:before{opacity:0.3;}.kadence-column_971a9c-9e{position:relative;}@media all and (max-width: 1024px){.kadence-column_971a9c-9e > .kt-inside-inner-col{flex-direction:column;justify-content:center;}}@media all and (max-width: 767px){.kadence-column_971a9c-9e > .kt-inside-inner-col{flex-direction:column;justify-content:center;}}<\/style>\n<div class=\"wp-block-kadence-column inner-column-1 kadence-column_971a9c-9e\"><div class=\"kt-inside-inner-col\"><style>.wp-block-kadence-advancedheading.kt-adv-heading_0a2945-f3, .wp-block-kadence-advancedheading.kt-adv-heading_0a2945-f3[data-kb-block=\"kb-adv-heading_0a2945-f3\"]{text-align:center;font-size:44px;font-style:normal;}.wp-block-kadence-advancedheading.kt-adv-heading_0a2945-f3 mark.kt-highlight, .wp-block-kadence-advancedheading.kt-adv-heading_0a2945-f3[data-kb-block=\"kb-adv-heading_0a2945-f3\"] mark.kt-highlight{font-style:normal;color:#f76a0c;-webkit-box-decoration-break:clone;box-decoration-break:clone;padding-top:0px;padding-right:0px;padding-bottom:0px;padding-left:0px;}.wp-block-kadence-advancedheading.kt-adv-heading_0a2945-f3 img.kb-inline-image, .wp-block-kadence-advancedheading.kt-adv-heading_0a2945-f3[data-kb-block=\"kb-adv-heading_0a2945-f3\"] img.kb-inline-image{width:150px;vertical-align:baseline;}<\/style>\n<h1 class=\"kt-adv-heading_0a2945-f3 wp-block-kadence-advancedheading has-theme-palette-9-color has-text-color\" data-kb-block=\"kb-adv-heading_0a2945-f3\">Politique de confidentialit\u00e9<\/h1>\n\n\n\n<p><\/p>\n<\/div><\/div>\n<\/div><div class=\"kt-row-layout-bottom-sep kt-row-sep-type-crvli\"><svg style=\"fill:#ffffff\" viewbox=\"0 0 1000 100\" preserveaspectratio=\"none\"><path d=\"M1000,0c0,0 -420.987,98 -650,98c-229.013,0 -350,-98 -350,-98l0,100l1000,0l0,-100Z\"><\/path><\/svg><\/div><\/div><\/div>\n\n\n<style>#kt-layout-id_5188d8-8a > .kt-row-column-wrap{align-content:start;}:where(#kt-layout-id_5188d8-8a > .kt-row-column-wrap) > .wp-block-kadence-column{justify-content:start;}#kt-layout-id_5188d8-8a > .kt-row-column-wrap{column-gap:var(--global-kb-gap-md, 2rem);row-gap:var(--global-kb-gap-md, 2rem);max-width:var( --global-content-width, 1290px );padding-left:var(--global-content-edge-padding);padding-right:var(--global-content-edge-padding);padding-top:var( --global-kb-row-default-top, 25px );padding-bottom:var( --global-kb-row-default-bottom, 25px );padding-top:75px;padding-bottom:75px;grid-template-columns:minmax(0, 1fr);}#kt-layout-id_5188d8-8a > .kt-row-layout-overlay{opacity:0.30;}@media all and (max-width: 1024px){#kt-layout-id_5188d8-8a > .kt-row-column-wrap{grid-template-columns:minmax(0, 1fr);}}@media all and (max-width: 767px){#kt-layout-id_5188d8-8a > .kt-row-column-wrap{grid-template-columns:minmax(0, 1fr);}}<\/style>\n<div class=\"wp-block-kadence-rowlayout alignnone\"><div id=\"kt-layout-id_5188d8-8a\" class=\"kt-row-layout-inner kt-layout-id_5188d8-8a\"><div class=\"kt-row-column-wrap kt-has-1-columns kt-gutter-default kt-v-gutter-default kt-row-valign-top kt-row-layout-equal kt-tab-layout-inherit kt-m-colapse-left-to-right kt-mobile-layout-row kb-theme-content-width\"><style>.kadence-column_9369a5-90 > .kt-inside-inner-col{border-top-width:0px;border-right-width:0px;border-bottom-width:0px;border-left-width:0px;}.kadence-column_9369a5-90 > .kt-inside-inner-col,.kadence-column_9369a5-90 > .kt-inside-inner-col:before{border-top-left-radius:0px;border-top-right-radius:0px;border-bottom-right-radius:0px;border-bottom-left-radius:0px;}.kadence-column_9369a5-90 > .kt-inside-inner-col{column-gap:var(--global-kb-gap-sm, 1rem);}.kadence-column_9369a5-90 > .kt-inside-inner-col{flex-direction:column;}.kadence-column_9369a5-90 > .kt-inside-inner-col > .aligncenter{width:100%;}.kadence-column_9369a5-90 > .kt-inside-inner-col:before{opacity:0.3;}.kadence-column_9369a5-90{position:relative;}@media all and (max-width: 1024px){.kadence-column_9369a5-90 > .kt-inside-inner-col{flex-direction:column;justify-content:center;}}@media all and (max-width: 767px){.kadence-column_9369a5-90 > .kt-inside-inner-col{flex-direction:column;justify-content:center;}}<\/style>\n<div class=\"wp-block-kadence-column inner-column-1 kadence-column_9369a5-90\"><div class=\"kt-inside-inner-col\"><style>.wp-block-kadence-advancedheading.kt-adv-heading_184414-07, .wp-block-kadence-advancedheading.kt-adv-heading_184414-07[data-kb-block=\"kb-adv-heading_184414-07\"]{font-style:normal;}.wp-block-kadence-advancedheading.kt-adv-heading_184414-07 mark.kt-highlight, .wp-block-kadence-advancedheading.kt-adv-heading_184414-07[data-kb-block=\"kb-adv-heading_184414-07\"] mark.kt-highlight{font-style:normal;color:#f76a0c;-webkit-box-decoration-break:clone;box-decoration-break:clone;padding-top:0px;padding-right:0px;padding-bottom:0px;padding-left:0px;}.wp-block-kadence-advancedheading.kt-adv-heading_184414-07 img.kb-inline-image, .wp-block-kadence-advancedheading.kt-adv-heading_184414-07[data-kb-block=\"kb-adv-heading_184414-07\"] img.kb-inline-image{width:150px;vertical-align:baseline;}<\/style>\n<h2 class=\"kt-adv-heading_184414-07 wp-block-kadence-advancedheading\" data-kb-block=\"kb-adv-heading_184414-07\"><strong>Cookies et traceurs<\/strong><\/h2>\n\n\n\n<p>Le site internet&nbsp;yepnotes.kangama.com poss\u00e8de un syst\u00e8me de mesure d\u2019audience, ainsi qu\u2019une fonction de partage sur les r\u00e9seaux sociaux.<\/p>\n\n\n\n<p>En application de la directive europ\u00e9enne dite \u00ab&nbsp;paquet t\u00e9l\u00e9com&nbsp;\u00bb, les internautes doivent \u00eatre inform\u00e9s et donner leur consentement&nbsp;pr\u00e9alablement \u00e0 l\u2019insertion de traceurs (plus couramment appel\u00e9s \u00ab&nbsp;cookies&nbsp;\u00bb). Les internautes doivent disposer d\u2019une possibilit\u00e9 de choisir de ne pas \u00eatre trac\u00e9s lorsqu\u2019ils visitent un site ou utilisent une application. Les \u00e9diteurs de sites internet ont donc l\u2019obligation de solliciter au pr\u00e9alable le consentement des utilisateurs.<\/p>\n\n\n\n<p>Le refus d\u2019installation d\u2019un cookie peut entra\u00eener l\u2019impossibilit\u00e9 d\u2019acc\u00e9der \u00e0 certains services. L\u2019internaute peut toutefois configurer son navigateur internet pour refuser l\u2019installation des cookies.<\/p>\n\n\n<style>.wp-block-kadence-advancedheading.kt-adv-heading_7095aa-87, .wp-block-kadence-advancedheading.kt-adv-heading_7095aa-87[data-kb-block=\"kb-adv-heading_7095aa-87\"]{font-style:normal;}.wp-block-kadence-advancedheading.kt-adv-heading_7095aa-87 mark.kt-highlight, .wp-block-kadence-advancedheading.kt-adv-heading_7095aa-87[data-kb-block=\"kb-adv-heading_7095aa-87\"] mark.kt-highlight{font-style:normal;color:#f76a0c;-webkit-box-decoration-break:clone;box-decoration-break:clone;padding-top:0px;padding-right:0px;padding-bottom:0px;padding-left:0px;}.wp-block-kadence-advancedheading.kt-adv-heading_7095aa-87 img.kb-inline-image, .wp-block-kadence-advancedheading.kt-adv-heading_7095aa-87[data-kb-block=\"kb-adv-heading_7095aa-87\"] img.kb-inline-image{width:150px;vertical-align:baseline;}<\/style>\n<h4 class=\"kt-adv-heading_7095aa-87 wp-block-kadence-advancedheading\" data-kb-block=\"kb-adv-heading_7095aa-87\"><strong>Mesure d\u2019audience<\/strong><\/h4>\n\n\n\n<p>Les cookies de mesure d\u2019audience sont de petits fichiers qui permettent de connaitre et d\u2019analyser les statistiques de trafic sur le site internet : les pages visit\u00e9es, le nombre de visites, le taux de rebond, la provenance des visites,\u2026 Les cookies de mesure d\u2019audience sont totalement anonymes.<\/p>\n\n\n\n<p>Sur ce site, c\u2019est la solution Google analytics qui est utilis\u00e9e pour mesurer l\u2019audience.<\/p>\n\n\n<style>.wp-block-kadence-advancedheading.kt-adv-heading_e54fbf-0e, .wp-block-kadence-advancedheading.kt-adv-heading_e54fbf-0e[data-kb-block=\"kb-adv-heading_e54fbf-0e\"]{font-style:normal;}.wp-block-kadence-advancedheading.kt-adv-heading_e54fbf-0e mark.kt-highlight, .wp-block-kadence-advancedheading.kt-adv-heading_e54fbf-0e[data-kb-block=\"kb-adv-heading_e54fbf-0e\"] mark.kt-highlight{font-style:normal;color:#f76a0c;-webkit-box-decoration-break:clone;box-decoration-break:clone;padding-top:0px;padding-right:0px;padding-bottom:0px;padding-left:0px;}.wp-block-kadence-advancedheading.kt-adv-heading_e54fbf-0e img.kb-inline-image, .wp-block-kadence-advancedheading.kt-adv-heading_e54fbf-0e[data-kb-block=\"kb-adv-heading_e54fbf-0e\"] img.kb-inline-image{width:150px;vertical-align:baseline;}<\/style>\n<h4 class=\"kt-adv-heading_e54fbf-0e wp-block-kadence-advancedheading\" data-kb-block=\"kb-adv-heading_e54fbf-0e\"><strong>R\u00e9seaux sociaux<\/strong><\/h4>\n\n\n\n<p>Les cookies li\u00e9s aux r\u00e9seaux sociaux sont associ\u00e9s aux boutons qui facilitent le partage des pages et articles sur les r\u00e9seaux sociaux.<\/p>\n\n\n<style>.wp-block-kadence-advancedheading.kt-adv-heading_46d393-d3, .wp-block-kadence-advancedheading.kt-adv-heading_46d393-d3[data-kb-block=\"kb-adv-heading_46d393-d3\"]{font-style:normal;}.wp-block-kadence-advancedheading.kt-adv-heading_46d393-d3 mark.kt-highlight, .wp-block-kadence-advancedheading.kt-adv-heading_46d393-d3[data-kb-block=\"kb-adv-heading_46d393-d3\"] mark.kt-highlight{font-style:normal;color:#f76a0c;-webkit-box-decoration-break:clone;box-decoration-break:clone;padding-top:0px;padding-right:0px;padding-bottom:0px;padding-left:0px;}.wp-block-kadence-advancedheading.kt-adv-heading_46d393-d3 img.kb-inline-image, .wp-block-kadence-advancedheading.kt-adv-heading_46d393-d3[data-kb-block=\"kb-adv-heading_46d393-d3\"] img.kb-inline-image{width:150px;vertical-align:baseline;}<\/style>\n<h2 class=\"kt-adv-heading_46d393-d3 wp-block-kadence-advancedheading\" data-kb-block=\"kb-adv-heading_46d393-d3\"><strong>Formulaire de contact<\/strong><\/h2>\n\n\n\n<p>Vous pouvez \u00eatre amen\u00e9 \u00e0 nous indiquer votre adresse e-mail lorsque vous remplissez notre formulaire de contact sur le site www.kangama.com.<\/p>\n\n\n\n<p>En aucun cas, votre adresse e-mail ne sera c\u00e9d\u00e9e \u00e0 des tiers.<\/p>\n\n\n<style>.wp-block-kadence-advancedheading.kt-adv-heading_5d6d67-b6, .wp-block-kadence-advancedheading.kt-adv-heading_5d6d67-b6[data-kb-block=\"kb-adv-heading_5d6d67-b6\"]{font-style:normal;}.wp-block-kadence-advancedheading.kt-adv-heading_5d6d67-b6 mark.kt-highlight, .wp-block-kadence-advancedheading.kt-adv-heading_5d6d67-b6[data-kb-block=\"kb-adv-heading_5d6d67-b6\"] mark.kt-highlight{font-style:normal;color:#f76a0c;-webkit-box-decoration-break:clone;box-decoration-break:clone;padding-top:0px;padding-right:0px;padding-bottom:0px;padding-left:0px;}.wp-block-kadence-advancedheading.kt-adv-heading_5d6d67-b6 img.kb-inline-image, .wp-block-kadence-advancedheading.kt-adv-heading_5d6d67-b6[data-kb-block=\"kb-adv-heading_5d6d67-b6\"] img.kb-inline-image{width:150px;vertical-align:baseline;}<\/style>\n<h2 class=\"kt-adv-heading_5d6d67-b6 wp-block-kadence-advancedheading\" data-kb-block=\"kb-adv-heading_5d6d67-b6\"><strong>Liens hypertextes<\/strong><\/h2>\n\n\n\n<p>Le choix de validation d\u2019un commentaire sur le site yepnotes.kangama.com est laiss\u00e9 \u00e0 l\u2019enti\u00e8re appr\u00e9ciation du responsable de Ce site internet contient un certain nombre de liens hypertextes vers d\u2019autres sites. Cependant, yepnotes.kangama.com n\u2019a pas la possibilit\u00e9 de suivre et v\u00e9rifier le contenu de ces sites, et n\u2019assumera en cons\u00e9quence aucune responsabilit\u00e9 de ce fait.<\/p>\n\n\n<style>.wp-block-kadence-advancedheading.kt-adv-heading_996e00-ff, .wp-block-kadence-advancedheading.kt-adv-heading_996e00-ff[data-kb-block=\"kb-adv-heading_996e00-ff\"]{font-style:normal;}.wp-block-kadence-advancedheading.kt-adv-heading_996e00-ff mark.kt-highlight, .wp-block-kadence-advancedheading.kt-adv-heading_996e00-ff[data-kb-block=\"kb-adv-heading_996e00-ff\"] mark.kt-highlight{font-style:normal;color:#f76a0c;-webkit-box-decoration-break:clone;box-decoration-break:clone;padding-top:0px;padding-right:0px;padding-bottom:0px;padding-left:0px;}.wp-block-kadence-advancedheading.kt-adv-heading_996e00-ff img.kb-inline-image, .wp-block-kadence-advancedheading.kt-adv-heading_996e00-ff[data-kb-block=\"kb-adv-heading_996e00-ff\"] img.kb-inline-image{width:150px;vertical-align:baseline;}<\/style>\n<h2 class=\"kt-adv-heading_996e00-ff wp-block-kadence-advancedheading\" data-kb-block=\"kb-adv-heading_996e00-ff\">Application mobile<\/h2>\n\n\n\n<p>En r\u00e9f\u00e9rant \u00e0 cette politique de confidentialit\u00e9, nous confirmons que YepNoteS ne collecte ni ne stocke aucune donn\u00e9e priv\u00e9e.<\/p>\n\n\n\n<p>La fonction de synchronisation vous permet de stocker des informations dans votre propre compte iCloud et ne transmettra pas ces informations ailleurs. Toutes les sauvegardes automatiques sont stock\u00e9es localement sur votre appareil, qui doivent \u00eatre prot\u00e9g\u00e9es comme tout autre logiciel \/ fichier \/ email sur votre appareil. Si vous choisissez de ne pas synchroniser les donn\u00e9es avec les services mentionn\u00e9s ci-dessous, vous n\u2019\u00eates pas oblig\u00e9 de le faire. YepNoteS fonctionne bien en tant que syst\u00e8me autonome et ne vous obligera pas \u00e0 vous inscrire \u00e0 un tiers. YepNoteS fonctionne aussi bien avec le compte gratuits d&rsquo;iCloud.<\/p>\n<\/div><\/div>\n<\/div><\/div><\/div>\n","protected":false},"excerpt":{"rendered":"<p>Politique de confidentialit\u00e9 Cookies et traceurs Le site internet&nbsp;yepnotes.kangama.com poss\u00e8de un syst\u00e8me de mesure d\u2019audience, ainsi qu\u2019une fonction de partage sur les r\u00e9seaux sociaux. En application de la directive europ\u00e9enne dite \u00ab&nbsp;paquet t\u00e9l\u00e9com&nbsp;\u00bb, les internautes doivent \u00eatre inform\u00e9s et donner leur consentement&nbsp;pr\u00e9alablement \u00e0 l\u2019insertion de traceurs (plus couramment appel\u00e9s \u00ab&nbsp;cookies&nbsp;\u00bb). Les internautes doivent disposer d\u2019une&#8230;<\/p>","protected":false},"author":1,"featured_media":0,"parent":0,"menu_order":0,"comment_status":"closed","ping_status":"closed","template":"","meta":{"_kad_post_transparent":"","_kad_post_title":"","_kad_post_layout":"","_kad_post_sidebar_id":"","_kad_post_content_style":"","_kad_post_vertical_padding":"","_kad_post_feature":"","_kad_post_feature_position":"","_kad_post_header":false,"_kad_post_footer":false,"_kad_post_classname":"","footnotes":""},"class_list":["post-326","page","type-page","status-publish","hentry"],"_links":{"self":[{"href":"https:\/\/yepnotes.kangama.com\/en\/wp-json\/wp\/v2\/pages\/326","targetHints":{"allow":["GET"]}}],"collection":[{"href":"https:\/\/yepnotes.kangama.com\/en\/wp-json\/wp\/v2\/pages"}],"about":[{"href":"https:\/\/yepnotes.kangama.com\/en\/wp-json\/wp\/v2\/types\/page"}],"author":[{"embeddable":true,"href":"https:\/\/yepnotes.kangama.com\/en\/wp-json\/wp\/v2\/users\/1"}],"replies":[{"embeddable":true,"href":"https:\/\/yepnotes.kangama.com\/en\/wp-json\/wp\/v2\/comments?post=326"}],"version-history":[{"count":6,"href":"https:\/\/yepnotes.kangama.com\/en\/wp-json\/wp\/v2\/pages\/326\/revisions"}],"predecessor-version":[{"id":455,"href":"https:\/\/yepnotes.kangama.com\/en\/wp-json\/wp\/v2\/pages\/326\/revisions\/455"}],"wp:attachment":[{"href":"https:\/\/yepnotes.kangama.com\/en\/wp-json\/wp\/v2\/media?parent=326"}],"curies":[{"name":"wp","href":"https:\/\/api.w.org\/{rel}","templated":true}]}}